{"id":156,"date":"2015-07-16T09:12:51","date_gmt":"2015-07-16T09:12:51","guid":{"rendered":"http:\/\/test.kriesi.at\/minimal-portfolio\/?page_id=156"},"modified":"2019-03-14T12:29:33","modified_gmt":"2019-03-14T12:29:33","slug":"contacto","status":"publish","type":"page","link":"https:\/\/elrincondelapajarita.es\/index.php\/contacto\/","title":{"rendered":"Contacto"},"content":{"rendered":"<p>[et_pb_section bb_built=\u00bb1&#8243; specialty=\u00bboff\u00bb next_background_color=\u00bb#000000&#8243; _builder_version=\u00bb3.15&#8243; custom_margin=\u00bb||0px|\u00bb custom_padding=\u00bb||0px|\u00bb][et_pb_row][et_pb_column type=\u00bb4_4&#8243;][et_pb_text _builder_version=\u00bb3.15&#8243;]<\/p>\n<h1>Contacto<\/h1>\n<p>[\/et_pb_text][\/et_pb_column][\/et_pb_row][\/et_pb_section][et_pb_section bb_built=\u00bb1&#8243; prev_background_color=\u00bb#000000&#8243; _builder_version=\u00bb3.15&#8243; custom_margin=\u00bb0px|||\u00bb custom_padding=\u00bb0px|||\u00bb][et_pb_row][et_pb_column type=\u00bb2_3&#8243;][et_pb_image _builder_version=\u00bb3.15&#8243; src=\u00bbhttp:\/\/elrincondelapajarita.es\/wp-content\/uploads\/2017\/12\/escribenos.jpg\u00bb \/][\/et_pb_column][et_pb_column type=\u00bb1_3&#8243;][et_pb_text _builder_version=\u00bb3.15&#8243;]<\/p>\n<p>\nSi tienes alguna duda sobre nuestras joyitas o env\u00edos&#8230; escr\u00edbenos a trav\u00e9s del siguiente formulario:<\/p>\n<p>[\/et_pb_text][et_pb_contact_form _builder_version=\u00bb3.15&#8243; captcha=\u00bboff\u00bb email=\u00bbelrincondelapajarita@hotmail.com\u00bb custom_button=\u00bbon\u00bb button_text_color=\u00bb#eaeaea\u00bb button_bg_color=\u00bb#6bb2a7&#8243; button_font=\u00bbSacramento||||||||\u00bb button_icon=\u00bb%%20%%\u00bb button_icon_color=\u00bb#006c61&#8243; button_border_radius=\u00bb3&#8243; button_text_color_hover=\u00bb#006c61&#8243; button_bg_color_hover=\u00bbrgba(255,255,255,0)\u00bb button_border_color_hover=\u00bb#006c61&#8243; button_text_size=\u00bb24&#8243; button_border_color=\u00bb#6bb2a7&#8243;][et_pb_contact_field field_title=\u00bbNombre\u00bb field_type=\u00bbinput\u00bb field_id=\u00bbNombre\u00bb required_mark=\u00bbon\u00bb fullwidth_field=\u00bbon\u00bb _builder_version=\u00bb3.15&#8243; checkbox_checked=\u00bboff\u00bb checkbox_options=\u00bb%91{%22value%22:%22Nombre%22,%22checked%22:0}%93&#8243; radio_options=\u00bb%91{%22value%22:%22Nombre%22,%22checked%22:0}%93&#8243; select_options=\u00bb%91{%22value%22:%22Nombre%22,%22checked%22:0}%93&#8243; min_length=\u00bb0&#8243; max_length=\u00bb0&#8243; allowed_symbols=\u00bball\u00bb conditional_logic=\u00bboff\u00bb conditional_logic_relation=\u00bboff\u00bb conditional_logic_rules=\u00bb%91{%22field%22:%22email%22,%22condition%22:%22is%22,%22value%22:%22%22}%93&#8243; use_background_color_gradient=\u00bboff\u00bb background_color_gradient_start=\u00bb#2b87da\u00bb background_color_gradient_end=\u00bb#29c4a9&#8243; background_color_gradient_type=\u00bblinear\u00bb background_color_gradient_direction=\u00bb180deg\u00bb background_color_gradient_direction_radial=\u00bbcenter\u00bb background_color_gradient_start_position=\u00bb0%\u00bb background_color_gradient_end_position=\u00bb100%\u00bb background_color_gradient_overlays_image=\u00bboff\u00bb parallax=\u00bboff\u00bb parallax_method=\u00bbon\u00bb background_size=\u00bbcover\u00bb background_position=\u00bbcenter\u00bb background_repeat=\u00bbno-repeat\u00bb background_blend=\u00bbnormal\u00bb allow_player_pause=\u00bboff\u00bb background_video_pause_outside_viewport=\u00bbon\u00bb form_field_text_shadow_style=\u00bbnone\u00bb box_shadow_style=\u00bbnone\u00bb \/][et_pb_contact_field field_title=\u00bbDirecci\u00f3n de correo electr\u00f3nico\u00bb field_type=\u00bbemail\u00bb field_id=\u00bbEmail\u00bb required_mark=\u00bbon\u00bb fullwidth_field=\u00bbon\u00bb _builder_version=\u00bb3.15&#8243; checkbox_checked=\u00bboff\u00bb checkbox_options=\u00bb%91{%22value%22:%22Direcci\u00f3n de correo electr\u00f3nico%22,%22checked%22:0}%93&#8243; radio_options=\u00bb%91{%22value%22:%22Direcci\u00f3n de correo electr\u00f3nico%22,%22checked%22:0}%93&#8243; select_options=\u00bb%91{%22value%22:%22Direcci\u00f3n de correo electr\u00f3nico%22,%22checked%22:0}%93&#8243; min_length=\u00bb0&#8243; max_length=\u00bb0&#8243; allowed_symbols=\u00bball\u00bb conditional_logic=\u00bboff\u00bb conditional_logic_relation=\u00bboff\u00bb conditional_logic_rules=\u00bb%91{%22field%22:%22nombre%22,%22condition%22:%22is%22,%22value%22:%22%22}%93&#8243; use_background_color_gradient=\u00bboff\u00bb background_color_gradient_start=\u00bb#2b87da\u00bb background_color_gradient_end=\u00bb#29c4a9&#8243; background_color_gradient_type=\u00bblinear\u00bb background_color_gradient_direction=\u00bb180deg\u00bb background_color_gradient_direction_radial=\u00bbcenter\u00bb background_color_gradient_start_position=\u00bb0%\u00bb background_color_gradient_end_position=\u00bb100%\u00bb background_color_gradient_overlays_image=\u00bboff\u00bb parallax=\u00bboff\u00bb parallax_method=\u00bbon\u00bb background_size=\u00bbcover\u00bb background_position=\u00bbcenter\u00bb background_repeat=\u00bbno-repeat\u00bb background_blend=\u00bbnormal\u00bb allow_player_pause=\u00bboff\u00bb background_video_pause_outside_viewport=\u00bbon\u00bb form_field_text_shadow_style=\u00bbnone\u00bb box_shadow_style=\u00bbnone\u00bb \/][et_pb_contact_field field_title=\u00bbMensaje\u00bb field_type=\u00bbtext\u00bb field_id=\u00bbMensaje\u00bb required_mark=\u00bbon\u00bb fullwidth_field=\u00bbon\u00bb _builder_version=\u00bb3.15&#8243; checkbox_checked=\u00bboff\u00bb checkbox_options=\u00bb%91{%22value%22:%22Mensaje%22,%22checked%22:0}%93&#8243; radio_options=\u00bb%91{%22value%22:%22Mensaje%22,%22checked%22:0}%93&#8243; select_options=\u00bb%91{%22value%22:%22Mensaje%22,%22checked%22:0}%93&#8243; min_length=\u00bb0&#8243; max_length=\u00bb0&#8243; allowed_symbols=\u00bball\u00bb conditional_logic=\u00bboff\u00bb conditional_logic_relation=\u00bboff\u00bb conditional_logic_rules=\u00bb%91{%22field%22:%22nombre%22,%22condition%22:%22is%22,%22value%22:%22%22}%93&#8243; use_background_color_gradient=\u00bboff\u00bb background_color_gradient_start=\u00bb#2b87da\u00bb background_color_gradient_end=\u00bb#29c4a9&#8243; background_color_gradient_type=\u00bblinear\u00bb background_color_gradient_direction=\u00bb180deg\u00bb background_color_gradient_direction_radial=\u00bbcenter\u00bb background_color_gradient_start_position=\u00bb0%\u00bb background_color_gradient_end_position=\u00bb100%\u00bb background_color_gradient_overlays_image=\u00bboff\u00bb parallax=\u00bboff\u00bb parallax_method=\u00bbon\u00bb background_size=\u00bbcover\u00bb background_position=\u00bbcenter\u00bb background_repeat=\u00bbno-repeat\u00bb background_blend=\u00bbnormal\u00bb allow_player_pause=\u00bboff\u00bb background_video_pause_outside_viewport=\u00bbon\u00bb form_field_text_shadow_style=\u00bbnone\u00bb box_shadow_style=\u00bbnone\u00bb \/][et_pb_contact_field _builder_version=\u00bb3.15&#8243; field_id=\u00bbField_4&#8243; field_title=\u00bbNuevo campo\u00bb field_type=\u00bbcheckbox\u00bb checkbox_checked=\u00bboff\u00bb checkbox_options=\u00bb%91{%22value%22:%22He le\u00eddo y acepto la pol\u00edtica de privacidad*%22,%22checked%22:0}%93&#8243; radio_options=\u00bb%91{%22value%22:%22%22,%22checked%22:0}%93&#8243; select_options=\u00bb%91{%22value%22:%22%22,%22checked%22:0}%93&#8243; min_length=\u00bb0&#8243; max_length=\u00bb0&#8243; allowed_symbols=\u00bball\u00bb required_mark=\u00bbon\u00bb conditional_logic=\u00bboff\u00bb conditional_logic_relation=\u00bboff\u00bb conditional_logic_rules=\u00bb%91{%22field%22:%22nombre%22,%22condition%22:%22is%22,%22value%22:%22%22}%93&#8243; use_background_color_gradient=\u00bboff\u00bb background_color_gradient_start=\u00bb#2b87da\u00bb background_color_gradient_end=\u00bb#29c4a9&#8243; background_color_gradient_type=\u00bblinear\u00bb background_color_gradient_direction=\u00bb180deg\u00bb background_color_gradient_direction_radial=\u00bbcenter\u00bb background_color_gradient_start_position=\u00bb0%\u00bb background_color_gradient_end_position=\u00bb100%\u00bb background_color_gradient_overlays_image=\u00bboff\u00bb parallax=\u00bboff\u00bb parallax_method=\u00bbon\u00bb background_size=\u00bbcover\u00bb background_position=\u00bbcenter\u00bb background_repeat=\u00bbno-repeat\u00bb background_blend=\u00bbnormal\u00bb allow_player_pause=\u00bboff\u00bb background_video_pause_outside_viewport=\u00bbon\u00bb fullwidth_field=\u00bbon\u00bb form_field_text_shadow_style=\u00bbnone\u00bb box_shadow_style=\u00bbnone\u00bb \/][\/et_pb_contact_form][et_pb_text _builder_version=\u00bb3.15&#8243;]<\/p>\n<p>\n* Para cumplir con la nueva Ley de Protecci\u00f3n de Datos y que tus datos est\u00e9n a salvo, debes leer y aceptar mi <a href=\"http:\/\/elrincondelapajarita.es\/index.php\/politica-de-privacidad\/\" target=\"_blank\" rel=\"noopener noreferrer\">pol\u00edtica de privacidad.<\/a><\/p>\n<p>[\/et_pb_text][\/et_pb_column][\/et_pb_row][\/et_pb_section]<\/p>\n","protected":false},"excerpt":{"rendered":"<p>[et_pb_section bb_built=\u00bb1&#8243; specialty=\u00bboff\u00bb next_background_color=\u00bb#000000&#8243; _builder_version=\u00bb3.15&#8243; custom_margin=\u00bb||0px|\u00bb custom_padding=\u00bb||0px|\u00bb][et_pb_row][et_pb_column type=\u00bb4_4&#8243;][et_pb_text _builder_version=\u00bb3.15&#8243;] Contacto [\/et_pb_text][\/et_pb_column][\/et_pb_row][\/et_pb_section][et_pb_section bb_built=\u00bb1&#8243; prev_background_color=\u00bb#000000&#8243; _builder_version=\u00bb3.15&#8243; custom_margin=\u00bb0px|||\u00bb custom_padding=\u00bb0px|||\u00bb][et_pb_row][et_pb_column type=\u00bb2_3&#8243;][et_pb_image _builder_version=\u00bb3.15&#8243; src=\u00bbhttp:\/\/elrincondelapajarita.es\/wp-content\/uploads\/2017\/12\/escribenos.jpg\u00bb \/][\/et_pb_column][et_pb_column type=\u00bb1_3&#8243;][et_pb_text _builder_version=\u00bb3.15&#8243;] Si tienes alguna duda sobre nuestras joyitas o env\u00edos&#8230; escr\u00edbenos a trav\u00e9s del siguiente formulario: [\/et_pb_text][et_pb_contact_form _builder_version=\u00bb3.15&#8243; captcha=\u00bboff\u00bb email=\u00bbelrincondelapajarita@hotmail.com\u00bb custom_button=\u00bbon\u00bb button_text_color=\u00bb#eaeaea\u00bb button_bg_color=\u00bb#6bb2a7&#8243; button_font=\u00bbSacramento||||||||\u00bb button_icon=\u00bb%%20%%\u00bb button_icon_color=\u00bb#006c61&#8243; button_border_radius=\u00bb3&#8243; button_text_color_hover=\u00bb#006c61&#8243; button_bg_color_hover=\u00bbrgba(255,255,255,0)\u00bb button_border_color_hover=\u00bb#006c61&#8243; button_text_size=\u00bb24&#8243; button_border_color=\u00bb#6bb2a7&#8243;][et_pb_contact_field field_title=\u00bbNombre\u00bb field_type=\u00bbinput\u00bb [&hellip;]<\/p>\n","protected":false},"author":1,"featured_media":0,"parent":0,"menu_order":0,"comment_status":"open","ping_status":"closed","template":"","meta":{"_et_pb_use_builder":"on","_et_pb_old_content":"<p>[av_layout_row border='' min_height='430px' color='main_color' mobile='av-flex-cells' id='']<br \/>[av_cell_one_half vertical_align='middle' padding='30px,100px,30px,100px' background_color='#f7f7f7' src='' attachment='' attachment_size='' background_attachment='scroll' background_position='center left' background_repeat='stretch']<\/p><p>[av_one_full first min_height='' vertical_alignment='av-align-top' space='' margin='0px' margin_sync='true' padding='0px' padding_sync='true' border='' border_color='' radius='0px' radius_sync='true' background_color='' src='' attachment='' attachment_size='' background_position='top left' background_repeat='no-repeat' animation='bottom-to-top']<\/p><p>[av_heading heading='Estamos en' tag='h3' style='blockquote modern-quote' size='' subheading_active='' subheading_size='15' padding='10' color='' custom_font=''][\/av_heading]<\/p><p>[av_textblock size='' font_color='' color='']<br \/>c\/ Castrojeriz, 5<br \/>28025, Madrid<br \/>[\/av_textblock]<\/p><p>[\/av_one_full][\/av_cell_one_half][av_cell_one_half vertical_align='middle' padding='0px' padding_sync='true' background_color='' src='' attachment='' attachment_size='' background_attachment='scroll' background_position='top left' background_repeat='no-repeat']<\/p><p>[av_google_map height='500px' zoom='12' saturation='-100' hue='']<br \/>[av_gmap_location address='calle castrojeriz' city='madrid' country='spain' long='40.3872873' lat='-3.7408256' marker='14482' imagesize='40'][\/av_gmap_location]<br \/>[\/av_google_map]<\/p><p>[\/av_cell_one_half]<br \/>[\/av_layout_row]<\/p><p>[av_one_fifth first min_height='' vertical_alignment='' space='' custom_margin='' margin='0px' padding='0px' border='' border_color='' radius='0px' background_color='' src='' background_position='top left' background_repeat='no-repeat'][\/av_one_fifth]<\/p><p>[av_three_fifth min_height='' vertical_alignment='av-align-top' space='' margin='0px' margin_sync='true' padding='0px' padding_sync='true' border='' border_color='' radius='0px' radius_sync='true' background_color='' src='' attachment='' attachment_size='' background_position='top left' background_repeat='no-repeat' animation='bottom-to-top']<br \/>[av_heading heading='No dudes en escribirnos' tag='h3' style='blockquote modern-quote modern-centered' size='' subheading_active='' subheading_size='15' padding='10' color='' custom_font=''][\/av_heading]<\/p><p>[av_textblock size='' font_color='' color='']<\/p><p style=\"text-align: center;\">para cualquier duda sobre el producto o tu pedido<\/p><p>[\/av_textblock]<br \/>[\/av_three_fifth]<\/p><p>[av_one_fifth min_height='' vertical_alignment='' space='' custom_margin='' margin='0px' padding='0px' border='' border_color='' radius='0px' background_color='' src='' background_position='top left' background_repeat='no-repeat'][\/av_one_fifth]<\/p><p>[av_layout_row border='' min_height='0' color='alternate_color' mobile='av-flex-cells' id='']<br \/>[av_cell_one_fifth vertical_align='top' padding='30px' padding_sync='true' background_color='#ffffff' src='' attachment='' attachment_size='' background_attachment='scroll' background_position='top left' background_repeat='no-repeat']<\/p><p>[\/av_cell_one_fifth][av_cell_three_fifth vertical_align='top' padding='30px' background_color='' src='' background_attachment='scroll' background_position='top left' background_repeat='no-repeat' mobile_display='']<\/p><p>[av_contact email='elrincondelapajarita@hotmail.com, nieves_glez5@hotmail.com' title='' button='Enviar' on_send='' sent='Muchas gracias \u00a1Tu mensaje ha sido enviado! En breve nos pondremos en contacto contigo :)' link='manually,http:\/\/' subject='Mensaje formulario web - El rinc\u00f3n de la pajarita' autorespond='' captcha='active' hide_labels='aviaTBhide_labels' form_align='centered' color='']<br \/>[av_contact_field label='Nombre' type='text' options='' check='is_empty' width='element_third' multi_select=''][\/av_contact_field]<br \/>[av_contact_field label='E-Mail' type='text' options='' check='is_email' width='element_third' multi_select=''][\/av_contact_field]<br \/>[av_contact_field label='Asunto ' type='text' options='' check='is_empty' width='element_third' multi_select=''][\/av_contact_field]<br \/>[av_contact_field label='Mensaje' type='textarea' options='' check='is_empty' width='' multi_select=''][\/av_contact_field]<br \/>[\/av_contact]<\/p><p>[\/av_cell_three_fifth][av_cell_one_fifth vertical_align='top' padding='30px' padding_sync='true' background_color='#ffffff' src='' attachment='' attachment_size='' background_attachment='scroll' background_position='top left' background_repeat='no-repeat']<\/p><p>[\/av_cell_one_fifth]<br \/>[\/av_layout_row]<\/p>"},"_links":{"self":[{"href":"https:\/\/elrincondelapajarita.es\/index.php\/wp-json\/wp\/v2\/pages\/156"}],"collection":[{"href":"https:\/\/elrincondelapajarita.es\/index.php\/wp-json\/wp\/v2\/pages"}],"about":[{"href":"https:\/\/elrincondelapajarita.es\/index.php\/wp-json\/wp\/v2\/types\/page"}],"author":[{"embeddable":true,"href":"https:\/\/elrincondelapajarita.es\/index.php\/wp-json\/wp\/v2\/users\/1"}],"replies":[{"embeddable":true,"href":"https:\/\/elrincondelapajarita.es\/index.php\/wp-json\/wp\/v2\/comments?post=156"}],"version-history":[{"count":17,"href":"https:\/\/elrincondelapajarita.es\/index.php\/wp-json\/wp\/v2\/pages\/156\/revisions"}],"predecessor-version":[{"id":47467,"href":"https:\/\/elrincondelapajarita.es\/index.php\/wp-json\/wp\/v2\/pages\/156\/revisions\/47467"}],"wp:attachment":[{"href":"https:\/\/elrincondelapajarita.es\/index.php\/wp-json\/wp\/v2\/media?parent=156"}],"curies":[{"name":"wp","href":"https:\/\/api.w.org\/{rel}","templated":true}]}}