{"id":47523,"date":"2019-05-16T09:43:45","date_gmt":"2019-05-16T09:43:45","guid":{"rendered":"http:\/\/elrincondelapajarita.es\/?page_id=47523"},"modified":"2019-10-06T15:19:14","modified_gmt":"2019-10-06T15:19:14","slug":"home","status":"publish","type":"page","link":"https:\/\/elrincondelapajarita.es\/","title":{"rendered":"home"},"content":{"rendered":"<p>[et_pb_section fb_built=\u00bb1&#8243; admin_label=\u00bbheader\u00bb _builder_version=\u00bb3.29.3&#8243; background_color=\u00bb#eaeaea\u00bb min_height_last_edited=\u00bbon|desktop\u00bb fb_built=\u00bb1&#8243; _i=\u00bb0&#8243; _address=\u00bb0&#8243;][et_pb_row column_structure=\u00bb1_2,1_2&#8243; _builder_version=\u00bb3.29.3&#8243; _i=\u00bb0&#8243; _address=\u00bb0.0&#8243;][et_pb_column type=\u00bb1_2&#8243; _builder_version=\u00bb3.29.3&#8243; _i=\u00bb0&#8243; _address=\u00bb0.0.0&#8243;][et_pb_text admin_label=\u00bbSubheading\u00bb _builder_version=\u00bb3.29.3&#8243; header_font_size=\u00bb4vw\u00bb header_line_height=\u00bb1.3em\u00bb header_5_font=\u00bbPoppins|700||on|||||\u00bb header_5_text_color=\u00bbrgba(0,0,0,0.4)\u00bb header_5_letter_spacing=\u00bb15px\u00bb header_5_line_height=\u00bb1.8em\u00bb max_width_tablet=\u00bb68%\u00bb max_width_phone=\u00bb57%\u00bb max_width_last_edited=\u00bboff|desktop\u00bb custom_margin=\u00bb|||30px|false|false\u00bb header_font_size_tablet=\u00bb40px\u00bb header_font_size_last_edited=\u00bbon|tablet\u00bb _i=\u00bb0&#8243; _address=\u00bb0.0.0.0&#8243;]<\/p>\n<h5>\u00a0<\/h5>\n<h1>Las cosas bonitas llegan en paquetes peque\u00f1os<\/h1>\n<p>[\/et_pb_text][\/et_pb_column][et_pb_column type=\u00bb1_2&#8243; _builder_version=\u00bb3.29.3&#8243; _i=\u00bb1&#8243; _address=\u00bb0.0.1&#8243;][et_pb_image src=\u00bbhttp:\/\/elrincondelapajarita.es\/wp-content\/uploads\/2017\/11\/colgante-circulo.jpg\u00bb align=\u00bbcenter\u00bb align_tablet=\u00bbcenter\u00bb align_last_edited=\u00bbon|desktop\u00bb disabled_on=\u00bboff|off|off\u00bb _builder_version=\u00bb3.29.3&#8243; width=\u00bb70%\u00bb custom_margin_last_edited=\u00bbon|phone\u00bb custom_padding_last_edited=\u00bbon|phone\u00bb animation_style=\u00bbslide\u00bb animation_direction=\u00bbbottom\u00bb animation_intensity_slide=\u00bb4%\u00bb box_shadow_style=\u00bbpreset3&#8243; box_shadow_blur=\u00bb80px\u00bb box_shadow_color=\u00bb#828282&#8243; _i=\u00bb0&#8243; _address=\u00bb0.0.1.0&#8243;]<\/p>\n<p>&nbsp;<\/p>\n<p>[\/et_pb_image][\/et_pb_column][\/et_pb_row][\/et_pb_section][et_pb_section fb_built=\u00bb1&#8243; admin_label=\u00bbNuestras colecciones\u00bb _builder_version=\u00bb3.29.3&#8243; custom_padding=\u00bb50px|0px|50px|0px|true|false\u00bb locked=\u00bboff\u00bb fb_built=\u00bb1&#8243; bb_built=\u00bb1&#8243; _i=\u00bb1&#8243; _address=\u00bb1&#8243;][et_pb_row _builder_version=\u00bb3.25&#8243; _i=\u00bb0&#8243; _address=\u00bb1.0&#8243;][et_pb_column type=\u00bb4_4&#8243; _builder_version=\u00bb3.25&#8243; custom_padding=\u00bb|||\u00bb _i=\u00bb0&#8243; _address=\u00bb1.0.0&#8243; custom_padding__hover=\u00bb|||\u00bb][et_pb_text _builder_version=\u00bb3.27.4&#8243; text_font_size=\u00bb20px\u00bb text_line_height=\u00bb1.8em\u00bb header_3_font_size=\u00bb45px\u00bb header_3_line_height=\u00bb1.5em\u00bb header_5_font=\u00bbPoppins|700||on|||||\u00bb header_5_text_color=\u00bb#ecd5c5&#8243; header_5_letter_spacing=\u00bb15px\u00bb header_5_line_height=\u00bb1.8em\u00bb text_orientation=\u00bbcenter\u00bb max_width_last_edited=\u00bboff|desktop\u00bb module_alignment=\u00bbright\u00bb _i=\u00bb0&#8243; _address=\u00bb1.0.0.0&#8243;]<\/p>\n<h3>Nuestras colecciones<\/h3>\n<p>[\/et_pb_text][\/et_pb_column][\/et_pb_row][et_pb_row column_structure=\u00bb1_3,1_3,1_3&#8243; _builder_version=\u00bb3.25&#8243; custom_padding=\u00bb60px|0px|60px|0px|true|false\u00bb _i=\u00bb1&#8243; _address=\u00bb1.1&#8243;][et_pb_column type=\u00bb1_3&#8243; _builder_version=\u00bb3.25&#8243; custom_padding=\u00bb|||\u00bb _i=\u00bb0&#8243; _address=\u00bb1.1.0&#8243; custom_padding__hover=\u00bb|||\u00bb][et_pb_blurb title=\u00bbMinimal\u00bb url=\u00bbhttp:\/\/elrincondelapajarita.es\/index.php\/categoria-producto\/minimal\/\u00bb image=\u00bbhttp:\/\/elrincondelapajarita.es\/wp-content\/uploads\/2018\/01\/anillo-circulos-1.jpg\u00bb admin_label=\u00bbMinimal\u00bb _builder_version=\u00bb3.29.3&#8243; header_font_size=\u00bb30px\u00bb header_line_height=\u00bb1.5em\u00bb body_line_height=\u00bb1.8em\u00bb text_orientation=\u00bbcenter\u00bb animation_style=\u00bbfade\u00bb animation=\u00bboff\u00bb body_font_size_last_edited=\u00bboff|tablet\u00bb box_shadow_style_image=\u00bbpreset3&#8243; _i=\u00bb0&#8243; _address=\u00bb1.1.0.0&#8243;]<\/p>\n<p>Formas y figuras sencillas en oro y plata componen nuestra colecci\u00f3n minimal<\/p>\n<p>[\/et_pb_blurb][\/et_pb_column][et_pb_column type=\u00bb1_3&#8243; _builder_version=\u00bb3.25&#8243; custom_padding=\u00bb|||\u00bb _i=\u00bb1&#8243; _address=\u00bb1.1.1&#8243; custom_padding__hover=\u00bb|||\u00bb][et_pb_blurb title=\u00bbEtnic\u00bb url=\u00bbhttp:\/\/elrincondelapajarita.es\/index.php\/categoria-producto\/etnic\/\u00bb image=\u00bbhttp:\/\/elrincondelapajarita.es\/wp-content\/uploads\/2018\/01\/pulsera-colores.jpg\u00bb admin_label=\u00bbEtnic\u00bb _builder_version=\u00bb3.29.3&#8243; header_font_size=\u00bb30px\u00bb header_line_height=\u00bb1.5em\u00bb body_line_height=\u00bb1.8em\u00bb text_orientation=\u00bbcenter\u00bb animation_style=\u00bbfade\u00bb animation=\u00bboff\u00bb box_shadow_style_image=\u00bbpreset3&#8243; _i=\u00bb0&#8243; _address=\u00bb1.1.1.0&#8243;]<\/p>\n<p>Nuestra l\u00ednea etnic es m\u00e1s colorida y su mayor\u00eda est\u00e1 realizada con piezas en cuero, zamak y resina<\/p>\n<p>[\/et_pb_blurb][\/et_pb_column][et_pb_column type=\u00bb1_3&#8243; _builder_version=\u00bb3.25&#8243; custom_padding=\u00bb|||\u00bb _i=\u00bb2&#8243; _address=\u00bb1.1.2&#8243; custom_padding__hover=\u00bb|||\u00bb][et_pb_blurb title=\u00bbAlianzas\u00bb url=\u00bbhttp:\/\/elrincondelapajarita.es\/index.php\/alianzas\/\u00bb image=\u00bbhttp:\/\/elrincondelapajarita.es\/wp-content\/uploads\/2019\/10\/alianza-home.jpg\u00bb admin_label=\u00bbAlianzas\u00bb _builder_version=\u00bb3.29.3&#8243; header_font_size=\u00bb30px\u00bb header_line_height=\u00bb1.5em\u00bb body_line_height=\u00bb1.8em\u00bb text_orientation=\u00bbcenter\u00bb animation_style=\u00bbfade\u00bb animation=\u00bboff\u00bb box_shadow_style_image=\u00bbpreset3&#8243; _i=\u00bb0&#8243; _address=\u00bb1.1.2.0&#8243;]<\/p>\n<p>Alianzas hechas a mano y totalmente personalizadas<\/p>\n<p>[\/et_pb_blurb][\/et_pb_column][\/et_pb_row][\/et_pb_section][et_pb_section fb_built=\u00bb1&#8243; admin_label=\u00bbQue hacemos\u00bb _builder_version=\u00bb3.29.3&#8243; use_background_color_gradient=\u00bbon\u00bb background_color_gradient_start=\u00bb#eaeaea\u00bb background_color_gradient_end=\u00bb#ffffff\u00bb background_color_gradient_start_position=\u00bb75%\u00bb background_color_gradient_end_position=\u00bb74%\u00bb custom_padding=\u00bb10px|0px|10px|0px|true|false\u00bb box_shadow_style=\u00bbpreset7&#8243; box_shadow_horizontal=\u00bb0px\u00bb box_shadow_vertical=\u00bb210px\u00bb box_shadow_color=\u00bb#ffffff\u00bb locked=\u00bboff\u00bb fb_built=\u00bb1&#8243; bb_built=\u00bb1&#8243; _i=\u00bb2&#8243; _address=\u00bb2&#8243;][et_pb_row column_structure=\u00bb1_2,1_2&#8243; admin_label=\u00bbQue hacemos Row\u00bb _builder_version=\u00bb3.29.3&#8243; _i=\u00bb0&#8243; _address=\u00bb2.0&#8243;][et_pb_column type=\u00bb1_2&#8243; _builder_version=\u00bb3.25&#8243; custom_padding=\u00bb|||\u00bb _i=\u00bb0&#8243; _address=\u00bb2.0.0&#8243; custom_padding__hover=\u00bb|||\u00bb][et_pb_image src=\u00bbhttp:\/\/elrincondelapajarita.es\/wp-content\/uploads\/2019\/10\/taller-2.jpg\u00bb align_tablet=\u00bbcenter\u00bb align_last_edited=\u00bbon|desktop\u00bb _builder_version=\u00bb3.29.3&#8243; animation_style=\u00bbslide\u00bb animation_direction=\u00bbbottom\u00bb animation_intensity_slide=\u00bb4%\u00bb box_shadow_style=\u00bbpreset3&#8243; box_shadow_blur=\u00bb80px\u00bb box_shadow_color=\u00bbrgba(143,128,114,0.27)\u00bb _i=\u00bb0&#8243; _address=\u00bb2.0.0.0&#8243;]<\/p>\n<p>&nbsp;<\/p>\n<p>[\/et_pb_image][\/et_pb_column][et_pb_column type=\u00bb1_2&#8243; _builder_version=\u00bb3.25&#8243; custom_padding=\u00bb140px|||6%\u00bb _i=\u00bb1&#8243; _address=\u00bb2.0.1&#8243; custom_padding__hover=\u00bb|||\u00bb][et_pb_text _builder_version=\u00bb3.29.3&#8243; text_font=\u00bbRaleway||||||||\u00bb link_font=\u00bb||||||||\u00bb ul_font=\u00bb||||||||\u00bb header_font=\u00bb||||||||\u00bb header_2_font=\u00bb||||||||\u00bb header_3_font=\u00bb||||||||\u00bb header_3_font_size=\u00bb45px\u00bb header_3_line_height=\u00bb1.5em\u00bb header_4_font=\u00bb||||||||\u00bb header_5_font=\u00bbRaleway|700||on|||||\u00bb header_5_text_color=\u00bb#c1d075&#8243; header_5_letter_spacing=\u00bb15px\u00bb header_5_line_height=\u00bb1.8em\u00bb max_width_tablet=\u00bb100%\u00bb max_width_phone=\u00bb100%\u00bb max_width_last_edited=\u00bbon|desktop\u00bb module_alignment=\u00bbright\u00bb custom_margin=\u00bb|||\u00bb custom_margin_phone=\u00bb0px||0px||true|false\u00bb custom_margin_last_edited=\u00bbon|phone\u00bb custom_padding=\u00bb|||\u00bb custom_padding_phone=\u00bb0px||0px||true|false\u00bb custom_padding_last_edited=\u00bbon|phone\u00bb header_3_line_height_phone=\u00bb1.1em\u00bb header_3_line_height_last_edited=\u00bbon|phone\u00bb header_5_line_height_phone=\u00bb1.2em\u00bb header_5_line_height_last_edited=\u00bbon|phone\u00bb _i=\u00bb0&#8243; _address=\u00bb2.0.1.0&#8243;]<\/p>\n<h5>QU\u00c9 HACEMOS<\/h5>\n<h3>Joyitas y bisuter\u00eda con mucho amor<\/h3>\n<div>Me llamo Nieves y soy la pajarita que est\u00e1 detr\u00e1s de este rinc\u00f3n. Las vueltas de la vida me han hecho poder desarrollar lo que siempre hab\u00eda sido un hobby en una marca.<\/div>\n<div>El Rinc\u00f3n de la Pajarita es un sue\u00f1o, una ilusi\u00f3n donde cada pieza de joyer\u00eda y bisuter\u00eda que realizo llevan un poco de m\u00ed.<\/div>\n<div>\u00a0<\/div>\n<div>Busco dise\u00f1os actuales, que complementen tu estilo y te hagan brillar.<\/div>\n<p>[\/et_pb_text][\/et_pb_column][\/et_pb_row][et_pb_row _builder_version=\u00bb3.29.3&#8243; _i=\u00bb1&#8243; _address=\u00bb2.1&#8243;][et_pb_column type=\u00bb4_4&#8243; _builder_version=\u00bb3.29.3&#8243; _i=\u00bb0&#8243; _address=\u00bb2.1.0&#8243;][et_pb_divider show_divider=\u00bboff\u00bb disabled_on=\u00bboff|off|on\u00bb admin_label=\u00bbSeparador\u00bb _builder_version=\u00bb3.29.3&#8243; custom_padding=\u00bb||150px||false|false\u00bb custom_padding_tablet=\u00bb||0px||false|false\u00bb custom_padding_last_edited=\u00bbon|phone\u00bb _i=\u00bb0&#8243; _address=\u00bb2.1.0.0&#8243;][\/et_pb_divider][\/et_pb_column][\/et_pb_row][\/et_pb_section][et_pb_section fb_built=\u00bb1&#8243; admin_label=\u00bbSubscribe\u00bb _builder_version=\u00bb3.29.3&#8243; background_image=\u00bbhttp:\/\/elrincondelapajarita.es\/wp-content\/uploads\/2017\/11\/destacado-home.jpg\u00bb custom_margin=\u00bb50px||||false|false\u00bb custom_padding=\u00bb100px|0px|100px|0px|true|false\u00bb saved_tabs=\u00bball\u00bb fb_built=\u00bb1&#8243; bb_built=\u00bb1&#8243; _i=\u00bb3&#8243; _address=\u00bb3&#8243;][et_pb_row column_structure=\u00bb1_4,1_2,1_4&#8243; use_custom_gutter=\u00bbon\u00bb admin_label=\u00bbSubscribe Row\u00bb module_class=\u00bb et_pb_row_fullwidth\u00bb _builder_version=\u00bb3.25&#8243; width=\u00bb89%\u00bb width_tablet=\u00bb80%\u00bb width_last_edited=\u00bbon|desktop\u00bb max_width=\u00bb89%\u00bb max_width_tablet=\u00bb80%\u00bb max_width_last_edited=\u00bbon|desktop\u00bb make_fullwidth=\u00bbon\u00bb _i=\u00bb0&#8243; _address=\u00bb3.0&#8243;][et_pb_column type=\u00bb1_4&#8243; _builder_version=\u00bb3.25&#8243; custom_padding=\u00bb|||\u00bb _i=\u00bb0&#8243; _address=\u00bb3.0.0&#8243; custom_padding__hover=\u00bb|||\u00bb][\/et_pb_column][et_pb_column type=\u00bb1_2&#8243; _builder_version=\u00bb3.25&#8243; custom_padding=\u00bb|||\u00bb _i=\u00bb1&#8243; _address=\u00bb3.0.1&#8243; custom_padding__hover=\u00bb|||\u00bb][et_pb_text _builder_version=\u00bb3.29.3&#8243; text_font_size=\u00bb20px\u00bb text_line_height=\u00bb1.8em\u00bb header_3_font_size=\u00bb45px\u00bb header_3_line_height=\u00bb1.5em\u00bb header_5_font=\u00bbPoppins|700||on|||||\u00bb header_5_text_color=\u00bb#ecd5c5&#8243; header_5_letter_spacing=\u00bb15px\u00bb header_5_line_height=\u00bb1.8em\u00bb text_orientation=\u00bbcenter\u00bb max_width_last_edited=\u00bboff|desktop\u00bb module_alignment=\u00bbright\u00bb _i=\u00bb0&#8243; _address=\u00bb3.0.1.0&#8243;]<\/p>\n<h3 style=\"text-align: center;\">S\u00edguenos<\/h3>\n<p>[\/et_pb_text][et_pb_text _builder_version=\u00bb3.29.3&#8243; text_text_color=\u00bb#ffffff\u00bb _i=\u00bb1&#8243; _address=\u00bb3.0.1.1&#8243;]<\/p>\n<p style=\"text-align: center;\">No te pierdas las \u00faltimas novedades, sorpresas y sorteos en nuestras redes sociales<\/p>\n<p>[\/et_pb_text][et_pb_social_media_follow admin_label=\u00bbSeguir en medios sociales\u00bb _builder_version=\u00bb3.29.3&#8243; text_orientation=\u00bbcenter\u00bb border_radii=\u00bbon|0px|0px|0px|0px\u00bb _i=\u00bb2&#8243; _address=\u00bb3.0.1.2&#8243;][et_pb_social_media_follow_network social_network=\u00bbinstagram\u00bb url=\u00bbhttps:\/\/www.instagram.com\/elrincondelapajarita\/?hl=es\u00bb _builder_version=\u00bb3.29.3&#8243; background_color=\u00bb#136c66&#8243; background_enable_color=\u00bbon\u00bb custom_margin=\u00bb|6px||6px|false|true\u00bb custom_padding=\u00bb10px|10px|10px|10px|true|true\u00bb border_radii=\u00bbon|0px|0px|0px|0px\u00bb follow_button=\u00bboff\u00bb url_new_window=\u00bbon\u00bb _i=\u00bb0&#8243; _address=\u00bb3.0.1.2.0&#8243;]instagram[\/et_pb_social_media_follow_network][et_pb_social_media_follow_network social_network=\u00bbfacebook\u00bb url=\u00bbhttps:\/\/www.facebook.com\/elrincondelapajarita\/\u00bb _builder_version=\u00bb3.29.3&#8243; background_color=\u00bb#136c66&#8243; background_enable_color=\u00bbon\u00bb custom_margin=\u00bb|6px||6px|false|true\u00bb custom_padding=\u00bb10px|10px|10px|10px|true|true\u00bb border_radii=\u00bbon|0px|0px|0px|0px\u00bb follow_button=\u00bboff\u00bb url_new_window=\u00bbon\u00bb _i=\u00bb1&#8243; _address=\u00bb3.0.1.2.1&#8243;]facebook[\/et_pb_social_media_follow_network][\/et_pb_social_media_follow][\/et_pb_column][et_pb_column type=\u00bb1_4&#8243; _builder_version=\u00bb3.25&#8243; custom_padding=\u00bb|||\u00bb _i=\u00bb2&#8243; _address=\u00bb3.0.2&#8243; custom_padding__hover=\u00bb|||\u00bb][\/et_pb_column][\/et_pb_row][\/et_pb_section]<\/p>\n","protected":false},"excerpt":{"rendered":"<p>[et_pb_section fb_built=\u00bb1&#8243; admin_label=\u00bbheader\u00bb _builder_version=\u00bb3.29.3&#8243; background_color=\u00bb#eaeaea\u00bb min_height_last_edited=\u00bbon|desktop\u00bb fb_built=\u00bb1&#8243; _i=\u00bb0&#8243; _address=\u00bb0&#8243;][et_pb_row column_structure=\u00bb1_2,1_2&#8243; _builder_version=\u00bb3.29.3&#8243; _i=\u00bb0&#8243; _address=\u00bb0.0&#8243;][et_pb_column type=\u00bb1_2&#8243; _builder_version=\u00bb3.29.3&#8243; _i=\u00bb0&#8243; _address=\u00bb0.0.0&#8243;][et_pb_text admin_label=\u00bbSubheading\u00bb _builder_version=\u00bb3.29.3&#8243; header_font_size=\u00bb4vw\u00bb header_line_height=\u00bb1.3em\u00bb header_5_font=\u00bbPoppins|700||on|||||\u00bb header_5_text_color=\u00bbrgba(0,0,0,0.4)\u00bb header_5_letter_spacing=\u00bb15px\u00bb header_5_line_height=\u00bb1.8em\u00bb max_width_tablet=\u00bb68%\u00bb max_width_phone=\u00bb57%\u00bb max_width_last_edited=\u00bboff|desktop\u00bb custom_margin=\u00bb|||30px|false|false\u00bb header_font_size_tablet=\u00bb40px\u00bb header_font_size_last_edited=\u00bbon|tablet\u00bb _i=\u00bb0&#8243; _address=\u00bb0.0.0.0&#8243;] \u00a0 Las cosas bonitas llegan en paquetes peque\u00f1os [\/et_pb_text][\/et_pb_column][et_pb_column type=\u00bb1_2&#8243; _builder_version=\u00bb3.29.3&#8243; _i=\u00bb1&#8243; _address=\u00bb0.0.1&#8243;][et_pb_image src=\u00bbhttp:\/\/elrincondelapajarita.es\/wp-content\/uploads\/2017\/11\/colgante-circulo.jpg\u00bb align=\u00bbcenter\u00bb align_tablet=\u00bbcenter\u00bb align_last_edited=\u00bbon|desktop\u00bb disabled_on=\u00bboff|off|off\u00bb _builder_version=\u00bb3.29.3&#8243; width=\u00bb70%\u00bb custom_margin_last_edited=\u00bbon|phone\u00bb custom_padding_last_edited=\u00bbon|phone\u00bb [&hellip;]<\/p>\n","protected":false},"author":1,"featured_media":0,"parent":0,"menu_order":0,"comment_status":"closed","ping_status":"closed","template":"","meta":{"_et_pb_use_builder":"on","_et_pb_old_content":""},"_links":{"self":[{"href":"https:\/\/elrincondelapajarita.es\/index.php\/wp-json\/wp\/v2\/pages\/47523"}],"collection":[{"href":"https:\/\/elrincondelapajarita.es\/index.php\/wp-json\/wp\/v2\/pages"}],"about":[{"href":"https:\/\/elrincondelapajarita.es\/index.php\/wp-json\/wp\/v2\/types\/page"}],"author":[{"embeddable":true,"href":"https:\/\/elrincondelapajarita.es\/index.php\/wp-json\/wp\/v2\/users\/1"}],"replies":[{"embeddable":true,"href":"https:\/\/elrincondelapajarita.es\/index.php\/wp-json\/wp\/v2\/comments?post=47523"}],"version-history":[{"count":35,"href":"https:\/\/elrincondelapajarita.es\/index.php\/wp-json\/wp\/v2\/pages\/47523\/revisions"}],"predecessor-version":[{"id":47646,"href":"https:\/\/elrincondelapajarita.es\/index.php\/wp-json\/wp\/v2\/pages\/47523\/revisions\/47646"}],"wp:attachment":[{"href":"https:\/\/elrincondelapajarita.es\/index.php\/wp-json\/wp\/v2\/media?parent=47523"}],"curies":[{"name":"wp","href":"https:\/\/api.w.org\/{rel}","templated":true}]}}