{"id":14563,"date":"2018-09-13T11:52:38","date_gmt":"2018-09-13T11:52:38","guid":{"rendered":"http:\/\/elrincondelapajarita.es\/?post_type=product&#038;p=14563"},"modified":"2019-03-19T17:10:46","modified_gmt":"2019-03-19T17:10:46","slug":"colgante-arbol-de-la-vida","status":"publish","type":"product","link":"https:\/\/elrincondelapajarita.es\/index.php\/producto\/colgante-arbol-de-la-vida\/","title":{"rendered":"Colgante \u00e1rbol de la vida"},"content":{"rendered":"<p>Longitud de la cadena: 22,5 cm<\/p>\n<p>&nbsp;<\/p>\n","protected":false},"excerpt":{"rendered":"<p>Mucha es la simbolog\u00eda del \u00e1rbol de la vida&#8230; nuesta favorita, la evoluci\u00f3n personal. \u00bfy la tuya?<\/p>\n","protected":false},"featured_media":14007,"template":"","meta":{"_et_pb_use_builder":"","_et_pb_old_content":""},"_links":{"self":[{"href":"https:\/\/elrincondelapajarita.es\/index.php\/wp-json\/wp\/v2\/product\/14563"}],"collection":[{"href":"https:\/\/elrincondelapajarita.es\/index.php\/wp-json\/wp\/v2\/product"}],"about":[{"href":"https:\/\/elrincondelapajarita.es\/index.php\/wp-json\/wp\/v2\/types\/product"}],"wp:featuredmedia":[{"embeddable":true,"href":"https:\/\/elrincondelapajarita.es\/index.php\/wp-json\/wp\/v2\/media\/14007"}],"wp:attachment":[{"href":"https:\/\/elrincondelapajarita.es\/index.php\/wp-json\/wp\/v2\/media?parent=14563"}],"curies":[{"name":"wp","href":"https:\/\/api.w.org\/{rel}","templated":true}]}}