{"id":14575,"date":"2018-09-13T13:11:55","date_gmt":"2018-09-13T13:11:55","guid":{"rendered":"http:\/\/elrincondelapajarita.es\/?post_type=product&#038;p=14575"},"modified":"2018-09-19T14:05:55","modified_gmt":"2018-09-19T14:05:55","slug":"pendientes-libelulas","status":"publish","type":"product","link":"https:\/\/elrincondelapajarita.es\/index.php\/producto\/pendientes-libelulas\/","title":{"rendered":"Pendientes lib\u00e9lulas"},"content":{"rendered":"<p>Plata ba\u00f1ada en oro<\/p>\n","protected":false},"excerpt":{"rendered":"<p>Nuestros pendientes de lib\u00e9lulas de plata ba\u00f1ado en oro son perfectos para lucir en tu d\u00eda a d\u00eda.<\/p>\n","protected":false},"featured_media":14019,"template":"","meta":{"_et_pb_use_builder":"","_et_pb_old_content":""},"_links":{"self":[{"href":"https:\/\/elrincondelapajarita.es\/index.php\/wp-json\/wp\/v2\/product\/14575"}],"collection":[{"href":"https:\/\/elrincondelapajarita.es\/index.php\/wp-json\/wp\/v2\/product"}],"about":[{"href":"https:\/\/elrincondelapajarita.es\/index.php\/wp-json\/wp\/v2\/types\/product"}],"wp:featuredmedia":[{"embeddable":true,"href":"https:\/\/elrincondelapajarita.es\/index.php\/wp-json\/wp\/v2\/media\/14019"}],"wp:attachment":[{"href":"https:\/\/elrincondelapajarita.es\/index.php\/wp-json\/wp\/v2\/media?parent=14575"}],"curies":[{"name":"wp","href":"https:\/\/api.w.org\/{rel}","templated":true}]}}