{"id":14597,"date":"2018-09-14T15:55:22","date_gmt":"2018-09-14T15:55:22","guid":{"rendered":"http:\/\/elrincondelapajarita.es\/?post_type=product&#038;p=14597"},"modified":"2018-09-19T13:44:32","modified_gmt":"2018-09-19T13:44:32","slug":"pulsera-cielo","status":"publish","type":"product","link":"https:\/\/elrincondelapajarita.es\/index.php\/producto\/pulsera-cielo\/","title":{"rendered":"Pulsera cielo"},"content":{"rendered":"<p>Materiales: zamak, resina y cueros<\/p>\n<p>Doble cierre.<\/p>\n","protected":false},"excerpt":{"rendered":"<p>Nuestra pulsera ancha de doble cierre est\u00e1 inspirada en los tonos del cielo de un d\u00eda despejado y est\u00e1 realizada con cuero y piezas de zamak y resina.<\/p>\n<p>&nbsp;<\/p>\n","protected":false},"featured_media":14024,"template":"","meta":{"_et_pb_use_builder":"","_et_pb_old_content":""},"_links":{"self":[{"href":"https:\/\/elrincondelapajarita.es\/index.php\/wp-json\/wp\/v2\/product\/14597"}],"collection":[{"href":"https:\/\/elrincondelapajarita.es\/index.php\/wp-json\/wp\/v2\/product"}],"about":[{"href":"https:\/\/elrincondelapajarita.es\/index.php\/wp-json\/wp\/v2\/types\/product"}],"wp:featuredmedia":[{"embeddable":true,"href":"https:\/\/elrincondelapajarita.es\/index.php\/wp-json\/wp\/v2\/media\/14024"}],"wp:attachment":[{"href":"https:\/\/elrincondelapajarita.es\/index.php\/wp-json\/wp\/v2\/media?parent=14597"}],"curies":[{"name":"wp","href":"https:\/\/api.w.org\/{rel}","templated":true}]}}