{"id":47456,"date":"2019-03-13T14:12:57","date_gmt":"2019-03-13T14:12:57","guid":{"rendered":"http:\/\/elrincondelapajarita.es\/?post_type=product&#038;p=47456"},"modified":"2019-03-19T16:55:33","modified_gmt":"2019-03-19T16:55:33","slug":"pompon","status":"publish","type":"product","link":"https:\/\/elrincondelapajarita.es\/index.php\/producto\/pompon\/","title":{"rendered":"Pulsera Pomp\u00f3n"},"content":{"rendered":"<p>Materiales: hilo de algod\u00f3n rojo, pomp\u00f3n color coral, perla, charm y bolitas de zamak con ba\u00f1o de oro.<\/p>\n","protected":false},"excerpt":{"rendered":"<p>Un pomp\u00f3n y una perla con mucho love&#8230; perfecta para estrenar en primavera<\/p>\n","protected":false},"featured_media":14619,"template":"","meta":{"_et_pb_use_builder":"","_et_pb_old_content":""},"_links":{"self":[{"href":"https:\/\/elrincondelapajarita.es\/index.php\/wp-json\/wp\/v2\/product\/47456"}],"collection":[{"href":"https:\/\/elrincondelapajarita.es\/index.php\/wp-json\/wp\/v2\/product"}],"about":[{"href":"https:\/\/elrincondelapajarita.es\/index.php\/wp-json\/wp\/v2\/types\/product"}],"wp:featuredmedia":[{"embeddable":true,"href":"https:\/\/elrincondelapajarita.es\/index.php\/wp-json\/wp\/v2\/media\/14619"}],"wp:attachment":[{"href":"https:\/\/elrincondelapajarita.es\/index.php\/wp-json\/wp\/v2\/media?parent=47456"}],"curies":[{"name":"wp","href":"https:\/\/api.w.org\/{rel}","templated":true}]}}